{"id":44,"date":"2025-12-12T10:14:01","date_gmt":"2025-12-12T09:14:01","guid":{"rendered":"https:\/\/ayappi.fr\/?page_id=44"},"modified":"2026-03-11T09:46:07","modified_gmt":"2026-03-11T08:46:07","slug":"ayappi-la-paie-par-api-centree-dsn","status":"publish","type":"page","link":"https:\/\/ayappi.fr\/","title":{"rendered":"Maintenance"},"content":{"rendered":"\t\t<div data-elementor-type=\"wp-page\" data-elementor-id=\"44\" class=\"elementor elementor-44\">\n\t\t\t\t<div class=\"elementor-element elementor-element-6a62136 e-flex e-con-boxed wpr-particle-no wpr-jarallax-no wpr-parallax-no wpr-sticky-section-no e-con e-parent\" data-id=\"6a62136\" data-element_type=\"container\">\n\t\t\t\t\t<div class=\"e-con-inner\">\n\t\t\t\t<div class=\"elementor-element elementor-element-b50c4d6 elementor-widget elementor-widget-text-editor\" data-id=\"b50c4d6\" data-element_type=\"widget\" data-widget_type=\"text-editor.default\">\n\t\t\t\t\t\t\t\t\t<p><span style=\"color: #0077ff;\"><a class=\"top-link\" style=\"color: #0077ff;\" href=\"https:\/\/ayappi.io\/\">documentation technique \u2192 ayappi.io<\/a><\/span><\/p>\t\t\t\t\t\t\t\t<\/div>\n\t\t\t\t<div class=\"elementor-element elementor-element-b8de865 elementor-widget elementor-widget-image\" data-id=\"b8de865\" data-element_type=\"widget\" data-widget_type=\"image.default\">\n\t\t\t\t\t\t\t\t\t\t\t\t\t\t\t<img fetchpriority=\"high\" decoding=\"async\" width=\"960\" height=\"418\" src=\"https:\/\/ayappi.fr\/wp-content\/uploads\/2025\/12\/ayappi-logo-HD-1024x446.png\" class=\"attachment-large size-large wp-image-14\" alt=\"\" srcset=\"https:\/\/ayappi.fr\/wp-content\/uploads\/2025\/12\/ayappi-logo-HD-1024x446.png 1024w, https:\/\/ayappi.fr\/wp-content\/uploads\/2025\/12\/ayappi-logo-HD-300x131.png 300w, https:\/\/ayappi.fr\/wp-content\/uploads\/2025\/12\/ayappi-logo-HD-768x335.png 768w, https:\/\/ayappi.fr\/wp-content\/uploads\/2025\/12\/ayappi-logo-HD-1536x670.png 1536w, https:\/\/ayappi.fr\/wp-content\/uploads\/2025\/12\/ayappi-logo-HD-2048x893.png 2048w\" sizes=\"(max-width: 960px) 100vw, 960px\" \/>\t\t\t\t\t\t\t\t\t\t\t\t\t\t\t<\/div>\n\t\t\t\t<div class=\"elementor-element elementor-element-2c445d6 elementor-widget elementor-widget-heading\" data-id=\"2c445d6\" data-element_type=\"widget\" data-widget_type=\"heading.default\">\n\t\t\t\t\t<h2 class=\"elementor-heading-title elementor-size-default\">le logiciel de paie<\/h2>\t\t\t\t<\/div>\n\t\t<div class=\"elementor-element elementor-element-32154d6 e-grid e-con-boxed wpr-particle-no wpr-jarallax-no wpr-parallax-no wpr-sticky-section-no e-con e-child\" data-id=\"32154d6\" data-element_type=\"container\">\n\t\t\t\t\t<div class=\"e-con-inner\">\n\t\t\t\t<div class=\"elementor-element elementor-element-95302aa wpr-team-member-divider-center elementor-widget elementor-widget-wpr-team-member\" data-id=\"95302aa\" data-element_type=\"widget\" data-widget_type=\"wpr-team-member.default\">\n\t\t\t\t\t\n\t<div class=\"wpr-team-member\">\n\t\t\t\t\n\t\t\n\t\t<div class=\"wpr-member-content\">\n\t\t\t<h3 class=\"wpr-member-name\">centr\u00e9 DSN<\/h3>\n\t\t\t\n\t\t\t\n\t\t\t\t\t\t\t<div class=\"wpr-member-divider\"><\/div>\n\t\t\t\n\t\t\t\t\t\t\t<div class=\"wpr-member-description\">pour en finir avec les erreurs<br>\nde param\u00e9trages entre le<br>\nplan de paie et la DSN<\/div>\n\t\t\t\t\t\t\n\t\t\t\t\t<\/div>\n\n\t\t\t<\/div>\n\n\t\t\t\t\t<\/div>\n\t\t\t\t<div class=\"elementor-element elementor-element-b6d91b4 wpr-team-member-divider-center elementor-widget elementor-widget-wpr-team-member\" data-id=\"b6d91b4\" data-element_type=\"widget\" data-widget_type=\"wpr-team-member.default\">\n\t\t\t\t\t\n\t<div class=\"wpr-team-member\">\n\t\t\t\t\n\t\t\n\t\t<div class=\"wpr-member-content\">\n\t\t\t<h3 class=\"wpr-member-name\">par API<\/h3>\n\t\t\t\n\t\t\t\n\t\t\t\t\t\t\t<div class=\"wpr-member-divider\"><\/div>\n\t\t\t\n\t\t\t\t\t\t\t<div class=\"wpr-member-description\">pour int\u00e9grer la gestion<br>\nde la paie dans vos<br>\noutils existants<\/div>\n\t\t\t\t\t\t\n\t\t\t\t\t<\/div>\n\n\t\t\t<\/div>\n\n\t\t\t\t\t<\/div>\n\t\t\t\t\t<\/div>\n\t\t\t\t<\/div>\n\t\t\t\t\t<\/div>\n\t\t\t\t<\/div>\n\t\t<div class=\"elementor-element elementor-element-2df3bf0 e-flex e-con-boxed wpr-particle-no wpr-jarallax-no wpr-parallax-no wpr-sticky-section-no e-con e-parent\" data-id=\"2df3bf0\" data-element_type=\"container\">\n\t\t\t\t\t<div class=\"e-con-inner\">\n\t\t\t\t<div class=\"elementor-element elementor-element-df97d16 wpr-advanced-text-style-animated wpr-fancy-text-typing wpr-animated-text-infinite-yes elementor-widget elementor-widget-wpr-advanced-text\" data-id=\"df97d16\" data-element_type=\"widget\" data-settings=\"{&quot;anim_loop&quot;:&quot;yes&quot;}\" data-widget_type=\"wpr-advanced-text.default\">\n\t\t\t\t\t\n\t\t<h3 class=\"wpr-advanced-text\">\n\n\t\t\t\t\t\n\t\t\t\t\t\t\t<span class=\"wpr-advanced-text-preffix\">... printemps 2026 \ud83c\udf31\ud83d\uddd3\ufe0f\ud83e\udd2b<\/span>\n\t\t\t\n\t\t<span class=\"wpr-anim-text wpr-anim-text-type-typing wpr-anim-text-letters\" data-anim-duration=\"200,2000\" data-anim-loop=\"yes\">\n\t\t\t<span class=\"wpr-anim-text-inner\">\n\t\t\t\t\t\t\t<\/span>\n\t\t\t<span class=\"wpr-anim-text-cursor\">|<\/span>\t\t<\/span>\n\n\t\t\t\t\n\t\t<\/h3>\n\t\t\n\t\t\t\t\t\t<\/div>\n\t\t\t\t\t<\/div>\n\t\t\t\t<\/div>\n\t\t<div class=\"elementor-element elementor-element-aafcbb0 e-flex e-con-boxed wpr-particle-no wpr-jarallax-no wpr-parallax-no wpr-sticky-section-no e-con e-parent\" data-id=\"aafcbb0\" data-element_type=\"container\">\n\t\t\t\t\t<div class=\"e-con-inner\">\n\t\t\t\t<div class=\"elementor-element elementor-element-dddb7be elementor-widget elementor-widget-text-editor\" data-id=\"dddb7be\" data-element_type=\"widget\" data-widget_type=\"text-editor.default\">\n\t\t\t\t\t\t\t\t\t<p><span style=\"color: #00489a;\">contact@ayappi.fr<\/span><\/p><div class=\"phone\"><span style=\"color: #000000;\"><span style=\"color: #00489a;\">06.87.23.29.53<\/span><\/span><\/div>\t\t\t\t\t\t\t\t<\/div>\n\t\t\t\t\t<\/div>\n\t\t\t\t<\/div>\n\t\t\t\t<\/div>\n\t\t","protected":false},"excerpt":{"rendered":"<p>documentation technique \u2192 ayappi.io le logiciel de paie centr\u00e9 DSN pour en finir avec les erreurs de param\u00e9trages entre le plan de paie et la DSN par API pour int\u00e9grer la gestion de la paie dans vos outils existants &#8230; printemps 2026 \ud83c\udf31\ud83d\uddd3\ufe0f\ud83e\udd2b | contact@ayappi.fr 06.87.23.29.53<\/p>\n","protected":false},"author":2,"featured_media":0,"parent":0,"menu_order":0,"comment_status":"closed","ping_status":"closed","template":"elementor_canvas","meta":{"footnotes":""},"class_list":["post-44","page","type-page","status-publish","hentry"],"yoast_head":"<!-- This site is optimized with the Yoast SEO plugin v26.8 - https:\/\/yoast.com\/product\/yoast-seo-wordpress\/ -->\n<title>Ayappi \u2013 logiciel de paie par API centr\u00e9 DSN<\/title>\n<meta name=\"description\" content=\"ayappi est un logiciel de paie centr\u00e9 sur la DSN et con\u00e7u par API pour s\u2019int\u00e9grer dans vos outils existants. Lancement pr\u00e9vu au printemps 2026.\" \/>\n<meta name=\"robots\" content=\"index, follow, max-snippet:-1, max-image-preview:large, max-video-preview:-1\" \/>\n<link rel=\"canonical\" href=\"https:\/\/ayappi.fr\/\" \/>\n<meta property=\"og:locale\" content=\"fr_FR\" \/>\n<meta property=\"og:type\" content=\"article\" \/>\n<meta property=\"og:title\" content=\"Ayappi \u2013 logiciel de paie par API centr\u00e9 DSN\" \/>\n<meta property=\"og:description\" content=\"ayappi est un logiciel de paie centr\u00e9 sur la DSN et con\u00e7u par API pour s\u2019int\u00e9grer dans vos outils existants. Lancement pr\u00e9vu au printemps 2026.\" \/>\n<meta property=\"og:url\" content=\"https:\/\/ayappi.fr\/\" \/>\n<meta property=\"og:site_name\" content=\"AYAPPI\" \/>\n<meta property=\"article:modified_time\" content=\"2026-03-11T08:46:07+00:00\" \/>\n<meta property=\"og:image\" content=\"http:\/\/ayappi.fr\/wp-content\/uploads\/2025\/12\/ayappi-logo-HD-1024x446.png\" \/>\n<meta name=\"twitter:card\" content=\"summary_large_image\" \/>\n<meta name=\"twitter:label1\" content=\"Dur\u00e9e de lecture estim\u00e9e\" \/>\n\t<meta name=\"twitter:data1\" content=\"1 minute\" \/>\n<script type=\"application\/ld+json\" class=\"yoast-schema-graph\">{\"@context\":\"https:\/\/schema.org\",\"@graph\":[{\"@type\":\"WebPage\",\"@id\":\"https:\/\/ayappi.fr\/\",\"url\":\"https:\/\/ayappi.fr\/\",\"name\":\"Ayappi \u2013 logiciel de paie par API centr\u00e9 DSN\",\"isPartOf\":{\"@id\":\"https:\/\/ayappi.fr\/#website\"},\"primaryImageOfPage\":{\"@id\":\"https:\/\/ayappi.fr\/#primaryimage\"},\"image\":{\"@id\":\"https:\/\/ayappi.fr\/#primaryimage\"},\"thumbnailUrl\":\"http:\/\/ayappi.fr\/wp-content\/uploads\/2025\/12\/ayappi-logo-HD-1024x446.png\",\"datePublished\":\"2025-12-12T09:14:01+00:00\",\"dateModified\":\"2026-03-11T08:46:07+00:00\",\"description\":\"ayappi est un logiciel de paie centr\u00e9 sur la DSN et con\u00e7u par API pour s\u2019int\u00e9grer dans vos outils existants. Lancement pr\u00e9vu au printemps 2026.\",\"breadcrumb\":{\"@id\":\"https:\/\/ayappi.fr\/#breadcrumb\"},\"inLanguage\":\"fr-FR\",\"potentialAction\":[{\"@type\":\"ReadAction\",\"target\":[\"https:\/\/ayappi.fr\/\"]}]},{\"@type\":\"ImageObject\",\"inLanguage\":\"fr-FR\",\"@id\":\"https:\/\/ayappi.fr\/#primaryimage\",\"url\":\"http:\/\/ayappi.fr\/wp-content\/uploads\/2025\/12\/ayappi-logo-HD-1024x446.png\",\"contentUrl\":\"http:\/\/ayappi.fr\/wp-content\/uploads\/2025\/12\/ayappi-logo-HD-1024x446.png\"},{\"@type\":\"BreadcrumbList\",\"@id\":\"https:\/\/ayappi.fr\/#breadcrumb\",\"itemListElement\":[{\"@type\":\"ListItem\",\"position\":1,\"name\":\"Accueil\",\"item\":\"https:\/\/ayappi.fr\/\"},{\"@type\":\"ListItem\",\"position\":2,\"name\":\"Maintenance\"}]},{\"@type\":\"WebSite\",\"@id\":\"https:\/\/ayappi.fr\/#website\",\"url\":\"https:\/\/ayappi.fr\/\",\"name\":\"AYAPPI\",\"description\":\"Documentation technique \u2192 ayappi.io\",\"potentialAction\":[{\"@type\":\"SearchAction\",\"target\":{\"@type\":\"EntryPoint\",\"urlTemplate\":\"https:\/\/ayappi.fr\/?s={search_term_string}\"},\"query-input\":{\"@type\":\"PropertyValueSpecification\",\"valueRequired\":true,\"valueName\":\"search_term_string\"}}],\"inLanguage\":\"fr-FR\"}]}<\/script>\n<!-- \/ Yoast SEO plugin. -->","yoast_head_json":{"title":"Ayappi \u2013 logiciel de paie par API centr\u00e9 DSN","description":"ayappi est un logiciel de paie centr\u00e9 sur la DSN et con\u00e7u par API pour s\u2019int\u00e9grer dans vos outils existants. Lancement pr\u00e9vu au printemps 2026.","robots":{"index":"index","follow":"follow","max-snippet":"max-snippet:-1","max-image-preview":"max-image-preview:large","max-video-preview":"max-video-preview:-1"},"canonical":"https:\/\/ayappi.fr\/","og_locale":"fr_FR","og_type":"article","og_title":"Ayappi \u2013 logiciel de paie par API centr\u00e9 DSN","og_description":"ayappi est un logiciel de paie centr\u00e9 sur la DSN et con\u00e7u par API pour s\u2019int\u00e9grer dans vos outils existants. Lancement pr\u00e9vu au printemps 2026.","og_url":"https:\/\/ayappi.fr\/","og_site_name":"AYAPPI","article_modified_time":"2026-03-11T08:46:07+00:00","og_image":[{"url":"http:\/\/ayappi.fr\/wp-content\/uploads\/2025\/12\/ayappi-logo-HD-1024x446.png","type":"","width":"","height":""}],"twitter_card":"summary_large_image","twitter_misc":{"Dur\u00e9e de lecture estim\u00e9e":"1 minute"},"schema":{"@context":"https:\/\/schema.org","@graph":[{"@type":"WebPage","@id":"https:\/\/ayappi.fr\/","url":"https:\/\/ayappi.fr\/","name":"Ayappi \u2013 logiciel de paie par API centr\u00e9 DSN","isPartOf":{"@id":"https:\/\/ayappi.fr\/#website"},"primaryImageOfPage":{"@id":"https:\/\/ayappi.fr\/#primaryimage"},"image":{"@id":"https:\/\/ayappi.fr\/#primaryimage"},"thumbnailUrl":"http:\/\/ayappi.fr\/wp-content\/uploads\/2025\/12\/ayappi-logo-HD-1024x446.png","datePublished":"2025-12-12T09:14:01+00:00","dateModified":"2026-03-11T08:46:07+00:00","description":"ayappi est un logiciel de paie centr\u00e9 sur la DSN et con\u00e7u par API pour s\u2019int\u00e9grer dans vos outils existants. Lancement pr\u00e9vu au printemps 2026.","breadcrumb":{"@id":"https:\/\/ayappi.fr\/#breadcrumb"},"inLanguage":"fr-FR","potentialAction":[{"@type":"ReadAction","target":["https:\/\/ayappi.fr\/"]}]},{"@type":"ImageObject","inLanguage":"fr-FR","@id":"https:\/\/ayappi.fr\/#primaryimage","url":"http:\/\/ayappi.fr\/wp-content\/uploads\/2025\/12\/ayappi-logo-HD-1024x446.png","contentUrl":"http:\/\/ayappi.fr\/wp-content\/uploads\/2025\/12\/ayappi-logo-HD-1024x446.png"},{"@type":"BreadcrumbList","@id":"https:\/\/ayappi.fr\/#breadcrumb","itemListElement":[{"@type":"ListItem","position":1,"name":"Accueil","item":"https:\/\/ayappi.fr\/"},{"@type":"ListItem","position":2,"name":"Maintenance"}]},{"@type":"WebSite","@id":"https:\/\/ayappi.fr\/#website","url":"https:\/\/ayappi.fr\/","name":"AYAPPI","description":"Documentation technique \u2192 ayappi.io","potentialAction":[{"@type":"SearchAction","target":{"@type":"EntryPoint","urlTemplate":"https:\/\/ayappi.fr\/?s={search_term_string}"},"query-input":{"@type":"PropertyValueSpecification","valueRequired":true,"valueName":"search_term_string"}}],"inLanguage":"fr-FR"}]}},"_links":{"self":[{"href":"https:\/\/ayappi.fr\/index.php?rest_route=\/wp\/v2\/pages\/44","targetHints":{"allow":["GET"]}}],"collection":[{"href":"https:\/\/ayappi.fr\/index.php?rest_route=\/wp\/v2\/pages"}],"about":[{"href":"https:\/\/ayappi.fr\/index.php?rest_route=\/wp\/v2\/types\/page"}],"author":[{"embeddable":true,"href":"https:\/\/ayappi.fr\/index.php?rest_route=\/wp\/v2\/users\/2"}],"replies":[{"embeddable":true,"href":"https:\/\/ayappi.fr\/index.php?rest_route=%2Fwp%2Fv2%2Fcomments&post=44"}],"version-history":[{"count":60,"href":"https:\/\/ayappi.fr\/index.php?rest_route=\/wp\/v2\/pages\/44\/revisions"}],"predecessor-version":[{"id":125,"href":"https:\/\/ayappi.fr\/index.php?rest_route=\/wp\/v2\/pages\/44\/revisions\/125"}],"wp:attachment":[{"href":"https:\/\/ayappi.fr\/index.php?rest_route=%2Fwp%2Fv2%2Fmedia&parent=44"}],"curies":[{"name":"wp","href":"https:\/\/api.w.org\/{rel}","templated":true}]}}